{"id":353,"date":"2023-06-01T10:47:25","date_gmt":"2023-06-01T10:47:25","guid":{"rendered":"https:\/\/web.rkinformatika.net\/julenaltube\/?page_id=353"},"modified":"2023-06-23T11:15:15","modified_gmt":"2023-06-23T11:15:15","slug":"derecho-administrativo","status":"publish","type":"page","link":"https:\/\/julenaltube.com\/pt\/derecho-administrativo\/","title":{"rendered":"Direito Administrativo"},"content":{"rendered":"<div data-elementor-type=\"wp-page\" data-elementor-id=\"353\" class=\"elementor elementor-353\" data-elementor-post-type=\"page\">\n\t\t\t\t\t\t<section class=\"elementor-section elementor-top-section elementor-element elementor-element-e311bc3 elementor-section-stretched elementor-section-boxed elementor-section-height-default elementor-section-height-default\" data-id=\"e311bc3\" data-element_type=\"section\" data-e-type=\"section\" data-settings=\"{&quot;stretch_section&quot;:&quot;section-stretched&quot;,&quot;background_background&quot;:&quot;classic&quot;}\">\n\t\t\t\t\t\t\t<div class=\"elementor-background-overlay\"><\/div>\n\t\t\t\t\t\t\t<div class=\"elementor-container elementor-column-gap-custom\">\n\t\t\t\t\t<div class=\"elementor-column elementor-col-100 elementor-top-column elementor-element elementor-element-050c980\" data-id=\"050c980\" data-element_type=\"column\" data-e-type=\"column\">\n\t\t\t<div class=\"elementor-widget-wrap\">\n\t\t\t\t\t\t\t<\/div>\n\t\t<\/div>\n\t\t\t\t\t<\/div>\n\t\t<\/section>\n\t\t\t\t<section class=\"elementor-section elementor-top-section elementor-element elementor-element-b4685eb elementor-section-boxed elementor-section-height-default elementor-section-height-default\" data-id=\"b4685eb\" data-element_type=\"section\" data-e-type=\"section\">\n\t\t\t\t\t\t<div class=\"elementor-container elementor-column-gap-default\">\n\t\t\t\t\t<div class=\"elementor-column elementor-col-100 elementor-top-column elementor-element elementor-element-e5262f9\" data-id=\"e5262f9\" data-element_type=\"column\" data-e-type=\"column\">\n\t\t\t<div class=\"elementor-widget-wrap elementor-element-populated\">\n\t\t\t\t\t\t<div class=\"elementor-element elementor-element-33d840c elementor-widget__width-initial elementor-invisible elementor-widget elementor-widget-heading\" data-id=\"33d840c\" data-element_type=\"widget\" data-e-type=\"widget\" data-settings=\"{&quot;_animation&quot;:&quot;fadeInLeft&quot;}\" data-widget_type=\"heading.default\">\n\t\t\t\t<div class=\"elementor-widget-container\">\n\t\t\t\t\t<h1 class=\"elementor-heading-title elementor-size-default\">Direito Administrativo<\/h1>\t\t\t\t<\/div>\n\t\t\t\t<\/div>\n\t\t\t\t\t<\/div>\n\t\t<\/div>\n\t\t\t\t\t<\/div>\n\t\t<\/section>\n\t\t\t\t<section class=\"elementor-section elementor-top-section elementor-element elementor-element-cbe70e9 elementor-section-boxed elementor-section-height-default elementor-section-height-default\" data-id=\"cbe70e9\" data-element_type=\"section\" data-e-type=\"section\">\n\t\t\t\t\t\t<div class=\"elementor-container elementor-column-gap-default\">\n\t\t\t\t\t<div class=\"elementor-column elementor-col-50 elementor-top-column elementor-element elementor-element-e117a17\" data-id=\"e117a17\" data-element_type=\"column\" data-e-type=\"column\">\n\t\t\t<div class=\"elementor-widget-wrap elementor-element-populated\">\n\t\t\t\t\t\t<div class=\"elementor-element elementor-element-6752c35 elementor-widget elementor-widget-text-editor\" data-id=\"6752c35\" data-element_type=\"widget\" data-e-type=\"widget\" data-widget_type=\"text-editor.default\">\n\t\t\t\t<div class=\"elementor-widget-container\">\n\t\t\t\t\t\t\t\t\t<p>El derecho administrativo es el \u00e1mbito del derecho que regula el funcionamiento de la Administraci\u00f3n P\u00fablica. <\/p><p>En las relaciones que la Administraci\u00f3n P\u00fablica ostenta con los ciudadanos, se ofrecen los siguientes servicios, todos ellos con el objetivo de lograr el reconocimiento de ciertos derechos en beneficio de los ciudadanos:<\/p><p>\u2022 Impugnaci\u00f3n y reclamaci\u00f3n de impuestos: IBI, Plusval\u00eda Municipal. <br \/>\u2022 Reclamaciones patrimoniales frente a las Administraciones P\u00fablicas. <br \/>\u2022 Recursos frente a sanciones por incumplimiento de la Ley de Seguridad Ciudadana. <br \/>\u2022 Extranjer\u00eda y asilo: nacionalidad, permiso de residencia y trabajo, \u00f3rdenes de expulsi\u00f3n y reagrupaci\u00f3n familiar. <br \/>\u2022 Recursos contencioso-administrativos.<\/p><p>\u00a0<\/p>\t\t\t\t\t\t\t\t<\/div>\n\t\t\t\t<\/div>\n\t\t\t\t\t<\/div>\n\t\t<\/div>\n\t\t\t\t<div class=\"elementor-column elementor-col-50 elementor-top-column elementor-element elementor-element-0c1cb57\" data-id=\"0c1cb57\" data-element_type=\"column\" data-e-type=\"column\">\n\t\t\t<div class=\"elementor-widget-wrap elementor-element-populated\">\n\t\t\t\t\t\t<div class=\"elementor-element elementor-element-75a3475 elementor-widget__width-initial elementor-widget elementor-widget-image\" data-id=\"75a3475\" data-element_type=\"widget\" data-e-type=\"widget\" data-widget_type=\"image.default\">\n\t\t\t\t<div class=\"elementor-widget-container\">\n\t\t\t\t\t\t\t\t\t\t\t\t\t\t\t<img fetchpriority=\"high\" decoding=\"async\" width=\"800\" height=\"534\" src=\"https:\/\/julenaltube.com\/wp-content\/uploads\/2023\/06\/adm-1-1-1024x684.png\" class=\"attachment-large size-large wp-image-1231\" alt=\"\" srcset=\"https:\/\/julenaltube.com\/wp-content\/uploads\/2023\/06\/adm-1-1-1024x684.png 1024w, https:\/\/julenaltube.com\/wp-content\/uploads\/2023\/06\/adm-1-1-300x200.png 300w, https:\/\/julenaltube.com\/wp-content\/uploads\/2023\/06\/adm-1-1-768x513.png 768w, https:\/\/julenaltube.com\/wp-content\/uploads\/2023\/06\/adm-1-1-1536x1026.png 1536w, https:\/\/julenaltube.com\/wp-content\/uploads\/2023\/06\/adm-1-1-18x12.png 18w, https:\/\/julenaltube.com\/wp-content\/uploads\/2023\/06\/adm-1-1.png 1920w\" sizes=\"(max-width: 800px) 100vw, 800px\" \/>\t\t\t\t\t\t\t\t\t\t\t\t\t\t\t<\/div>\n\t\t\t\t<\/div>\n\t\t\t\t\t<\/div>\n\t\t<\/div>\n\t\t\t\t\t<\/div>\n\t\t<\/section>\n\t\t\t\t<section class=\"elementor-section elementor-top-section elementor-element elementor-element-2ed234d elementor-section-boxed elementor-section-height-default elementor-section-height-default\" data-id=\"2ed234d\" data-element_type=\"section\" data-e-type=\"section\" data-settings=\"{&quot;background_background&quot;:&quot;classic&quot;}\">\n\t\t\t\t\t\t\t<div class=\"elementor-background-overlay\"><\/div>\n\t\t\t\t\t\t\t<div class=\"elementor-container elementor-column-gap-no\">\n\t\t\t\t\t<div class=\"elementor-column elementor-col-100 elementor-top-column elementor-element elementor-element-a848842\" data-id=\"a848842\" data-element_type=\"column\" data-e-type=\"column\">\n\t\t\t<div class=\"elementor-widget-wrap elementor-element-populated\">\n\t\t\t\t\t\t<section class=\"elementor-section elementor-inner-section elementor-element elementor-element-99ac863 elementor-section-boxed elementor-section-height-default elementor-section-height-default\" data-id=\"99ac863\" data-element_type=\"section\" data-e-type=\"section\">\n\t\t\t\t\t\t<div class=\"elementor-container elementor-column-gap-default\">\n\t\t\t\t\t<div class=\"elementor-column elementor-col-33 elementor-inner-column elementor-element elementor-element-a852693\" data-id=\"a852693\" data-element_type=\"column\" data-e-type=\"column\">\n\t\t\t<div class=\"elementor-widget-wrap elementor-element-populated\">\n\t\t\t\t\t\t<div class=\"elementor-element elementor-element-6db54ab elementor-widget elementor-widget-heading\" data-id=\"6db54ab\" data-element_type=\"widget\" data-e-type=\"widget\" data-widget_type=\"heading.default\">\n\t\t\t\t<div class=\"elementor-widget-container\">\n\t\t\t\t\t<h3 class=\"elementor-heading-title elementor-size-default\">Atendimento ao cliente\n<\/h3>\t\t\t\t<\/div>\n\t\t\t\t<\/div>\n\t\t\t\t<div class=\"elementor-element elementor-element-f39ffe6 elementor-widget elementor-widget-heading\" data-id=\"f39ffe6\" data-element_type=\"widget\" data-e-type=\"widget\" data-widget_type=\"heading.default\">\n\t\t\t\t<div class=\"elementor-widget-container\">\n\t\t\t\t\t<h2 class=\"elementor-heading-title elementor-size-default\">Tratamento personalizado para cada um de nossos clientes.<\/h2>\t\t\t\t<\/div>\n\t\t\t\t<\/div>\n\t\t\t\t\t<\/div>\n\t\t<\/div>\n\t\t\t\t<div class=\"elementor-column elementor-col-33 elementor-inner-column elementor-element elementor-element-0e04f92\" data-id=\"0e04f92\" data-element_type=\"column\" data-e-type=\"column\">\n\t\t\t<div class=\"elementor-widget-wrap elementor-element-populated\">\n\t\t\t\t\t\t<div class=\"elementor-element elementor-element-15f5fbd elementor-widget elementor-widget-text-editor\" data-id=\"15f5fbd\" data-element_type=\"widget\" data-e-type=\"widget\" data-widget_type=\"text-editor.default\">\n\t\t\t\t<div class=\"elementor-widget-container\">\n\t\t\t\t\t\t\t\t\t<h4 class=\"pp-info-box-title\">Ll\u00e1mame para cualquier pregunta\u00a0<\/h4>\t\t\t\t\t\t\t\t<\/div>\n\t\t\t\t<\/div>\n\t\t\t\t\t<\/div>\n\t\t<\/div>\n\t\t\t\t<div class=\"elementor-column elementor-col-33 elementor-inner-column elementor-element elementor-element-c8c8f3a\" data-id=\"c8c8f3a\" data-element_type=\"column\" data-e-type=\"column\">\n\t\t\t<div class=\"elementor-widget-wrap elementor-element-populated\">\n\t\t\t\t\t\t<div class=\"elementor-element elementor-element-b31af0d elementor-view-default elementor-widget elementor-widget-icon\" data-id=\"b31af0d\" data-element_type=\"widget\" data-e-type=\"widget\" data-widget_type=\"icon.default\">\n\t\t\t\t<div class=\"elementor-widget-container\">\n\t\t\t\t\t\t\t<div class=\"elementor-icon-wrapper\">\n\t\t\t<div class=\"elementor-icon\">\n\t\t\t<i aria-hidden=\"true\" class=\"icon icon-phone-call\"><\/i>\t\t\t<\/div>\n\t\t<\/div>\n\t\t\t\t\t\t<\/div>\n\t\t\t\t<\/div>\n\t\t\t\t<div class=\"elementor-element elementor-element-83f6e5f elementor-widget elementor-widget-text-editor\" data-id=\"83f6e5f\" data-element_type=\"widget\" data-e-type=\"widget\" data-widget_type=\"text-editor.default\">\n\t\t\t\t<div class=\"elementor-widget-container\">\n\t\t\t\t\t\t\t\t\t<p>946 254 192<\/p>\t\t\t\t\t\t\t\t<\/div>\n\t\t\t\t<\/div>\n\t\t\t\t\t<\/div>\n\t\t<\/div>\n\t\t\t\t\t<\/div>\n\t\t<\/section>\n\t\t\t\t\t<\/div>\n\t\t<\/div>\n\t\t\t\t\t<\/div>\n\t\t<\/section>\n\t\t\t\t<\/div>","protected":false},"excerpt":{"rendered":"<p>Derecho Administrativo El derecho administrativo es el \u00e1mbito del derecho que regula el funcionamiento de la Administraci\u00f3n P\u00fablica. En las relaciones que la Administraci\u00f3n P\u00fablica ostenta con los ciudadanos, se ofrecen los siguientes servicios, todos ellos con el objetivo de lograr el reconocimiento de ciertos derechos en beneficio de los ciudadanos: \u2022 Impugnaci\u00f3n y reclamaci\u00f3n [&hellip;]<\/p>\n","protected":false},"author":1,"featured_media":0,"parent":0,"menu_order":0,"comment_status":"closed","ping_status":"closed","template":"elementor_canvas","meta":{"footnotes":""},"class_list":["post-353","page","type-page","status-publish","hentry"],"yoast_head":"<!-- This site is optimized with the Yoast SEO plugin v27.5 - https:\/\/yoast.com\/product\/yoast-seo-wordpress\/ -->\n<title>Derecho Administrativo - Julen Altube<\/title>\n<meta name=\"robots\" content=\"index, follow, max-snippet:-1, max-image-preview:large, max-video-preview:-1\" \/>\n<link rel=\"canonical\" href=\"https:\/\/julenaltube.com\/pt\/derecho-administrativo\/\" \/>\n<meta property=\"og:locale\" content=\"pt_PT\" \/>\n<meta property=\"og:type\" content=\"article\" \/>\n<meta property=\"og:title\" content=\"Derecho Administrativo - Julen Altube\" \/>\n<meta property=\"og:description\" content=\"Derecho Administrativo El derecho administrativo es el \u00e1mbito del derecho que regula el funcionamiento de la Administraci\u00f3n P\u00fablica. En las relaciones que la Administraci\u00f3n P\u00fablica ostenta con los ciudadanos, se ofrecen los siguientes servicios, todos ellos con el objetivo de lograr el reconocimiento de ciertos derechos en beneficio de los ciudadanos: \u2022 Impugnaci\u00f3n y reclamaci\u00f3n [&hellip;]\" \/>\n<meta property=\"og:url\" content=\"https:\/\/julenaltube.com\/pt\/derecho-administrativo\/\" \/>\n<meta property=\"og:site_name\" content=\"Julen Altube\" \/>\n<meta property=\"article:modified_time\" content=\"2023-06-23T11:15:15+00:00\" \/>\n<meta property=\"og:image\" content=\"https:\/\/julenaltube.com\/wp-content\/uploads\/2023\/06\/adm-1-1-1024x684.png\" \/>\n<meta name=\"twitter:card\" content=\"summary_large_image\" \/>\n<meta name=\"twitter:label1\" content=\"Tempo estimado de leitura\" \/>\n\t<meta name=\"twitter:data1\" content=\"1 minuto\" \/>\n<script type=\"application\/ld+json\" class=\"yoast-schema-graph\">{\"@context\":\"https:\\\/\\\/schema.org\",\"@graph\":[{\"@type\":\"WebPage\",\"@id\":\"https:\\\/\\\/julenaltube.com\\\/derecho-administrativo\\\/\",\"url\":\"https:\\\/\\\/julenaltube.com\\\/derecho-administrativo\\\/\",\"name\":\"Derecho Administrativo - Julen Altube\",\"isPartOf\":{\"@id\":\"https:\\\/\\\/julenaltube.com\\\/#website\"},\"primaryImageOfPage\":{\"@id\":\"https:\\\/\\\/julenaltube.com\\\/derecho-administrativo\\\/#primaryimage\"},\"image\":{\"@id\":\"https:\\\/\\\/julenaltube.com\\\/derecho-administrativo\\\/#primaryimage\"},\"thumbnailUrl\":\"https:\\\/\\\/julenaltube.com\\\/wp-content\\\/uploads\\\/2023\\\/06\\\/adm-1-1-1024x684.png\",\"datePublished\":\"2023-06-01T10:47:25+00:00\",\"dateModified\":\"2023-06-23T11:15:15+00:00\",\"breadcrumb\":{\"@id\":\"https:\\\/\\\/julenaltube.com\\\/derecho-administrativo\\\/#breadcrumb\"},\"inLanguage\":\"pt-PT\",\"potentialAction\":[{\"@type\":\"ReadAction\",\"target\":[\"https:\\\/\\\/julenaltube.com\\\/derecho-administrativo\\\/\"]}]},{\"@type\":\"ImageObject\",\"inLanguage\":\"pt-PT\",\"@id\":\"https:\\\/\\\/julenaltube.com\\\/derecho-administrativo\\\/#primaryimage\",\"url\":\"https:\\\/\\\/julenaltube.com\\\/wp-content\\\/uploads\\\/2023\\\/06\\\/adm-1-1-1024x684.png\",\"contentUrl\":\"https:\\\/\\\/julenaltube.com\\\/wp-content\\\/uploads\\\/2023\\\/06\\\/adm-1-1-1024x684.png\"},{\"@type\":\"BreadcrumbList\",\"@id\":\"https:\\\/\\\/julenaltube.com\\\/derecho-administrativo\\\/#breadcrumb\",\"itemListElement\":[{\"@type\":\"ListItem\",\"position\":1,\"name\":\"Portada\",\"item\":\"https:\\\/\\\/julenaltube.com\\\/\"},{\"@type\":\"ListItem\",\"position\":2,\"name\":\"Derecho Administrativo\"}]},{\"@type\":\"WebSite\",\"@id\":\"https:\\\/\\\/julenaltube.com\\\/#website\",\"url\":\"https:\\\/\\\/julenaltube.com\\\/\",\"name\":\"Julen Altube\",\"description\":\"Un equipo de abogados expertos siempre a tu disposici\u00f3n\",\"publisher\":{\"@id\":\"https:\\\/\\\/julenaltube.com\\\/#organization\"},\"potentialAction\":[{\"@type\":\"SearchAction\",\"target\":{\"@type\":\"EntryPoint\",\"urlTemplate\":\"https:\\\/\\\/julenaltube.com\\\/?s={search_term_string}\"},\"query-input\":{\"@type\":\"PropertyValueSpecification\",\"valueRequired\":true,\"valueName\":\"search_term_string\"}}],\"inLanguage\":\"pt-PT\"},{\"@type\":\"Organization\",\"@id\":\"https:\\\/\\\/julenaltube.com\\\/#organization\",\"name\":\"Julen Altube\",\"url\":\"https:\\\/\\\/julenaltube.com\\\/\",\"logo\":{\"@type\":\"ImageObject\",\"inLanguage\":\"pt-PT\",\"@id\":\"https:\\\/\\\/julenaltube.com\\\/#\\\/schema\\\/logo\\\/image\\\/\",\"url\":\"https:\\\/\\\/julenaltube.com\\\/wp-content\\\/uploads\\\/2023\\\/06\\\/cropped-400PngdpiLogoCropped.png\",\"contentUrl\":\"https:\\\/\\\/julenaltube.com\\\/wp-content\\\/uploads\\\/2023\\\/06\\\/cropped-400PngdpiLogoCropped.png\",\"width\":1660,\"height\":921,\"caption\":\"Julen Altube\"},\"image\":{\"@id\":\"https:\\\/\\\/julenaltube.com\\\/#\\\/schema\\\/logo\\\/image\\\/\"}}]}<\/script>\n<!-- \/ Yoast SEO plugin. -->","yoast_head_json":{"title":"Derecho Administrativo - Julen Altube","robots":{"index":"index","follow":"follow","max-snippet":"max-snippet:-1","max-image-preview":"max-image-preview:large","max-video-preview":"max-video-preview:-1"},"canonical":"https:\/\/julenaltube.com\/pt\/derecho-administrativo\/","og_locale":"pt_PT","og_type":"article","og_title":"Derecho Administrativo - Julen Altube","og_description":"Derecho Administrativo El derecho administrativo es el \u00e1mbito del derecho que regula el funcionamiento de la Administraci\u00f3n P\u00fablica. En las relaciones que la Administraci\u00f3n P\u00fablica ostenta con los ciudadanos, se ofrecen los siguientes servicios, todos ellos con el objetivo de lograr el reconocimiento de ciertos derechos en beneficio de los ciudadanos: \u2022 Impugnaci\u00f3n y reclamaci\u00f3n [&hellip;]","og_url":"https:\/\/julenaltube.com\/pt\/derecho-administrativo\/","og_site_name":"Julen Altube","article_modified_time":"2023-06-23T11:15:15+00:00","og_image":[{"url":"https:\/\/julenaltube.com\/wp-content\/uploads\/2023\/06\/adm-1-1-1024x684.png","type":"","width":"","height":""}],"twitter_card":"summary_large_image","twitter_misc":{"Tempo estimado de leitura":"1 minuto"},"schema":{"@context":"https:\/\/schema.org","@graph":[{"@type":"WebPage","@id":"https:\/\/julenaltube.com\/derecho-administrativo\/","url":"https:\/\/julenaltube.com\/derecho-administrativo\/","name":"Derecho Administrativo - Julen Altube","isPartOf":{"@id":"https:\/\/julenaltube.com\/#website"},"primaryImageOfPage":{"@id":"https:\/\/julenaltube.com\/derecho-administrativo\/#primaryimage"},"image":{"@id":"https:\/\/julenaltube.com\/derecho-administrativo\/#primaryimage"},"thumbnailUrl":"https:\/\/julenaltube.com\/wp-content\/uploads\/2023\/06\/adm-1-1-1024x684.png","datePublished":"2023-06-01T10:47:25+00:00","dateModified":"2023-06-23T11:15:15+00:00","breadcrumb":{"@id":"https:\/\/julenaltube.com\/derecho-administrativo\/#breadcrumb"},"inLanguage":"pt-PT","potentialAction":[{"@type":"ReadAction","target":["https:\/\/julenaltube.com\/derecho-administrativo\/"]}]},{"@type":"ImageObject","inLanguage":"pt-PT","@id":"https:\/\/julenaltube.com\/derecho-administrativo\/#primaryimage","url":"https:\/\/julenaltube.com\/wp-content\/uploads\/2023\/06\/adm-1-1-1024x684.png","contentUrl":"https:\/\/julenaltube.com\/wp-content\/uploads\/2023\/06\/adm-1-1-1024x684.png"},{"@type":"BreadcrumbList","@id":"https:\/\/julenaltube.com\/derecho-administrativo\/#breadcrumb","itemListElement":[{"@type":"ListItem","position":1,"name":"Portada","item":"https:\/\/julenaltube.com\/"},{"@type":"ListItem","position":2,"name":"Derecho Administrativo"}]},{"@type":"WebSite","@id":"https:\/\/julenaltube.com\/#website","url":"https:\/\/julenaltube.com\/","name":"Julen Altube","description":"Un equipo de abogados expertos siempre a tu disposici\u00f3n","publisher":{"@id":"https:\/\/julenaltube.com\/#organization"},"potentialAction":[{"@type":"SearchAction","target":{"@type":"EntryPoint","urlTemplate":"https:\/\/julenaltube.com\/?s={search_term_string}"},"query-input":{"@type":"PropertyValueSpecification","valueRequired":true,"valueName":"search_term_string"}}],"inLanguage":"pt-PT"},{"@type":"Organization","@id":"https:\/\/julenaltube.com\/#organization","name":"Julen Altube","url":"https:\/\/julenaltube.com\/","logo":{"@type":"ImageObject","inLanguage":"pt-PT","@id":"https:\/\/julenaltube.com\/#\/schema\/logo\/image\/","url":"https:\/\/julenaltube.com\/wp-content\/uploads\/2023\/06\/cropped-400PngdpiLogoCropped.png","contentUrl":"https:\/\/julenaltube.com\/wp-content\/uploads\/2023\/06\/cropped-400PngdpiLogoCropped.png","width":1660,"height":921,"caption":"Julen Altube"},"image":{"@id":"https:\/\/julenaltube.com\/#\/schema\/logo\/image\/"}}]}},"_links":{"self":[{"href":"https:\/\/julenaltube.com\/pt\/wp-json\/wp\/v2\/pages\/353","targetHints":{"allow":["GET"]}}],"collection":[{"href":"https:\/\/julenaltube.com\/pt\/wp-json\/wp\/v2\/pages"}],"about":[{"href":"https:\/\/julenaltube.com\/pt\/wp-json\/wp\/v2\/types\/page"}],"author":[{"embeddable":true,"href":"https:\/\/julenaltube.com\/pt\/wp-json\/wp\/v2\/users\/1"}],"replies":[{"embeddable":true,"href":"https:\/\/julenaltube.com\/pt\/wp-json\/wp\/v2\/comments?post=353"}],"version-history":[{"count":76,"href":"https:\/\/julenaltube.com\/pt\/wp-json\/wp\/v2\/pages\/353\/revisions"}],"predecessor-version":[{"id":1306,"href":"https:\/\/julenaltube.com\/pt\/wp-json\/wp\/v2\/pages\/353\/revisions\/1306"}],"wp:attachment":[{"href":"https:\/\/julenaltube.com\/pt\/wp-json\/wp\/v2\/media?parent=353"}],"curies":[{"name":"wp","href":"https:\/\/api.w.org\/{rel}","templated":true}]}}