{"id":349,"date":"2023-06-01T10:45:59","date_gmt":"2023-06-01T10:45:59","guid":{"rendered":"https:\/\/web.rkinformatika.net\/julenaltube\/?page_id=349"},"modified":"2023-06-23T11:14:31","modified_gmt":"2023-06-23T11:14:31","slug":"derecho-bancario","status":"publish","type":"page","link":"https:\/\/julenaltube.com\/pt\/derecho-bancario\/","title":{"rendered":"Direito Bancario"},"content":{"rendered":"<div data-elementor-type=\"wp-page\" data-elementor-id=\"349\" class=\"elementor elementor-349\" data-elementor-post-type=\"page\">\n\t\t\t\t\t\t<section class=\"elementor-section elementor-top-section elementor-element elementor-element-77efb86 elementor-section-stretched elementor-section-boxed elementor-section-height-default elementor-section-height-default\" data-id=\"77efb86\" data-element_type=\"section\" data-e-type=\"section\" data-settings=\"{&quot;stretch_section&quot;:&quot;section-stretched&quot;,&quot;background_background&quot;:&quot;classic&quot;}\">\n\t\t\t\t\t\t\t<div class=\"elementor-background-overlay\"><\/div>\n\t\t\t\t\t\t\t<div class=\"elementor-container elementor-column-gap-custom\">\n\t\t\t\t\t<div class=\"elementor-column elementor-col-100 elementor-top-column elementor-element elementor-element-54a862d\" data-id=\"54a862d\" data-element_type=\"column\" data-e-type=\"column\">\n\t\t\t<div class=\"elementor-widget-wrap\">\n\t\t\t\t\t\t\t<\/div>\n\t\t<\/div>\n\t\t\t\t\t<\/div>\n\t\t<\/section>\n\t\t\t\t<section class=\"elementor-section elementor-top-section elementor-element elementor-element-444e95b elementor-section-boxed elementor-section-height-default elementor-section-height-default\" data-id=\"444e95b\" data-element_type=\"section\" data-e-type=\"section\">\n\t\t\t\t\t\t<div class=\"elementor-container elementor-column-gap-default\">\n\t\t\t\t\t<div class=\"elementor-column elementor-col-100 elementor-top-column elementor-element elementor-element-95540f1\" data-id=\"95540f1\" data-element_type=\"column\" data-e-type=\"column\">\n\t\t\t<div class=\"elementor-widget-wrap elementor-element-populated\">\n\t\t\t\t\t\t<div class=\"elementor-element elementor-element-2c33dbf elementor-widget__width-initial elementor-invisible elementor-widget elementor-widget-heading\" data-id=\"2c33dbf\" data-element_type=\"widget\" data-e-type=\"widget\" data-settings=\"{&quot;_animation&quot;:&quot;fadeInLeft&quot;}\" data-widget_type=\"heading.default\">\n\t\t\t\t<div class=\"elementor-widget-container\">\n\t\t\t\t\t<h1 class=\"elementor-heading-title elementor-size-default\">Direito Bancario<\/h1>\t\t\t\t<\/div>\n\t\t\t\t<\/div>\n\t\t\t\t\t<\/div>\n\t\t<\/div>\n\t\t\t\t\t<\/div>\n\t\t<\/section>\n\t\t\t\t<section class=\"elementor-section elementor-top-section elementor-element elementor-element-9a54ce6 elementor-section-boxed elementor-section-height-default elementor-section-height-default\" data-id=\"9a54ce6\" data-element_type=\"section\" data-e-type=\"section\">\n\t\t\t\t\t\t<div class=\"elementor-container elementor-column-gap-default\">\n\t\t\t\t\t<div class=\"elementor-column elementor-col-50 elementor-top-column elementor-element elementor-element-ce268fd\" data-id=\"ce268fd\" data-element_type=\"column\" data-e-type=\"column\">\n\t\t\t<div class=\"elementor-widget-wrap elementor-element-populated\">\n\t\t\t\t\t\t<div class=\"elementor-element elementor-element-dbb4708 elementor-widget elementor-widget-text-editor\" data-id=\"dbb4708\" data-element_type=\"widget\" data-e-type=\"widget\" data-widget_type=\"text-editor.default\">\n\t\t\t\t<div class=\"elementor-widget-container\">\n\t\t\t\t\t\t\t\t\t<p>Las entidades financieras, en muchas ocasiones, se aprovechan de la necesidad de los consumidores y usuarios de lograr una financiaci\u00f3n econ\u00f3mica para la adquisici\u00f3n de la vivienda habitual o incluso de otro tipo de inmuebles. Por ello, al ofrecer ese tipo de productos financieros, cobran a los clientes ciertos gastos o facturas que no les corresponde abonar.<\/p><p>A tales efectos, se ofrece un asesoramiento integral y especializado en este \u00e1mbito del derecho, habiendo obtenido con gran \u00e9xito el respaldo de los Juzgados y Tribunales, logrando la anulaci\u00f3n de ese tipo de productos financieros, con el consiguiente resarcimiento econ\u00f3mico en favor del cliente.<\/p><p>Se analizar\u00e1 el caso particular sin compromiso, obteniendo un an\u00e1lisis jur\u00eddico sobre la reclamaci\u00f3n que corresponde a dicho caso en concreto. La defensa letrada se ofrece sobre una amplia gama de productos financieros:<\/p>\t\t\t\t\t\t\t\t<\/div>\n\t\t\t\t<\/div>\n\t\t\t\t<div class=\"elementor-element elementor-element-4ec0630 elementor-widget elementor-widget-text-editor\" data-id=\"4ec0630\" data-element_type=\"widget\" data-e-type=\"widget\" data-widget_type=\"text-editor.default\">\n\t\t\t\t<div class=\"elementor-widget-container\">\n\t\t\t\t\t\t\t\t\t<p>\u2022 Gastos hipotecarios.<br \/>\u2022 Cl\u00e1usula suelo.<br \/>\u2022 Oposici\u00f3n a ejecuciones hipotecarias con cl\u00e1usulas abusivas.<br \/>\u2022 Oposici\u00f3n a lanzamientos o desahucios instados por las entidades bancarias.<\/p>\t\t\t\t\t\t\t\t<\/div>\n\t\t\t\t<\/div>\n\t\t\t\t\t<\/div>\n\t\t<\/div>\n\t\t\t\t<div class=\"elementor-column elementor-col-50 elementor-top-column elementor-element elementor-element-c57fab8\" data-id=\"c57fab8\" data-element_type=\"column\" data-e-type=\"column\">\n\t\t\t<div class=\"elementor-widget-wrap elementor-element-populated\">\n\t\t\t\t\t\t<div class=\"elementor-element elementor-element-309b71f elementor-widget__width-initial elementor-widget elementor-widget-image\" data-id=\"309b71f\" data-element_type=\"widget\" data-e-type=\"widget\" data-widget_type=\"image.default\">\n\t\t\t\t<div class=\"elementor-widget-container\">\n\t\t\t\t\t\t\t\t\t\t\t\t\t\t\t<img fetchpriority=\"high\" decoding=\"async\" width=\"800\" height=\"534\" src=\"https:\/\/julenaltube.com\/wp-content\/uploads\/2023\/06\/close-up-em-moedas-economizadas-para-despesas-de-crise-de-energia-1024x684.jpg\" class=\"attachment-large size-large wp-image-653\" alt=\"\" srcset=\"https:\/\/julenaltube.com\/wp-content\/uploads\/2023\/06\/close-up-em-moedas-economizadas-para-despesas-de-crise-de-energia-1024x684.jpg 1024w, https:\/\/julenaltube.com\/wp-content\/uploads\/2023\/06\/close-up-em-moedas-economizadas-para-despesas-de-crise-de-energia-300x200.jpg 300w, https:\/\/julenaltube.com\/wp-content\/uploads\/2023\/06\/close-up-em-moedas-economizadas-para-despesas-de-crise-de-energia-768x513.jpg 768w, https:\/\/julenaltube.com\/wp-content\/uploads\/2023\/06\/close-up-em-moedas-economizadas-para-despesas-de-crise-de-energia-1536x1026.jpg 1536w, https:\/\/julenaltube.com\/wp-content\/uploads\/2023\/06\/close-up-em-moedas-economizadas-para-despesas-de-crise-de-energia-2048x1368.jpg 2048w\" sizes=\"(max-width: 800px) 100vw, 800px\" \/>\t\t\t\t\t\t\t\t\t\t\t\t\t\t\t<\/div>\n\t\t\t\t<\/div>\n\t\t\t\t\t<\/div>\n\t\t<\/div>\n\t\t\t\t\t<\/div>\n\t\t<\/section>\n\t\t\t\t<section class=\"elementor-section elementor-top-section elementor-element elementor-element-844e754 elementor-section-boxed elementor-section-height-default elementor-section-height-default\" data-id=\"844e754\" data-element_type=\"section\" data-e-type=\"section\" data-settings=\"{&quot;background_background&quot;:&quot;classic&quot;}\">\n\t\t\t\t\t\t\t<div class=\"elementor-background-overlay\"><\/div>\n\t\t\t\t\t\t\t<div class=\"elementor-container elementor-column-gap-no\">\n\t\t\t\t\t<div class=\"elementor-column elementor-col-100 elementor-top-column elementor-element elementor-element-808e382\" data-id=\"808e382\" data-element_type=\"column\" data-e-type=\"column\">\n\t\t\t<div class=\"elementor-widget-wrap elementor-element-populated\">\n\t\t\t\t\t\t<section class=\"elementor-section elementor-inner-section elementor-element elementor-element-f3e0ade elementor-section-boxed elementor-section-height-default elementor-section-height-default\" data-id=\"f3e0ade\" data-element_type=\"section\" data-e-type=\"section\">\n\t\t\t\t\t\t<div class=\"elementor-container elementor-column-gap-default\">\n\t\t\t\t\t<div class=\"elementor-column elementor-col-33 elementor-inner-column elementor-element elementor-element-4d5a3c7\" data-id=\"4d5a3c7\" data-element_type=\"column\" data-e-type=\"column\">\n\t\t\t<div class=\"elementor-widget-wrap elementor-element-populated\">\n\t\t\t\t\t\t<div class=\"elementor-element elementor-element-e8884ca elementor-widget elementor-widget-heading\" data-id=\"e8884ca\" data-element_type=\"widget\" data-e-type=\"widget\" data-widget_type=\"heading.default\">\n\t\t\t\t<div class=\"elementor-widget-container\">\n\t\t\t\t\t<h3 class=\"elementor-heading-title elementor-size-default\">Atendimento ao cliente\n<\/h3>\t\t\t\t<\/div>\n\t\t\t\t<\/div>\n\t\t\t\t<div class=\"elementor-element elementor-element-2880791 elementor-widget elementor-widget-heading\" data-id=\"2880791\" data-element_type=\"widget\" data-e-type=\"widget\" data-widget_type=\"heading.default\">\n\t\t\t\t<div class=\"elementor-widget-container\">\n\t\t\t\t\t<h2 class=\"elementor-heading-title elementor-size-default\">Tratamento personalizado para cada um de nossos clientes.<\/h2>\t\t\t\t<\/div>\n\t\t\t\t<\/div>\n\t\t\t\t\t<\/div>\n\t\t<\/div>\n\t\t\t\t<div class=\"elementor-column elementor-col-33 elementor-inner-column elementor-element elementor-element-205a6dc\" data-id=\"205a6dc\" data-element_type=\"column\" data-e-type=\"column\">\n\t\t\t<div class=\"elementor-widget-wrap elementor-element-populated\">\n\t\t\t\t\t\t<div class=\"elementor-element elementor-element-d86551a elementor-widget elementor-widget-text-editor\" data-id=\"d86551a\" data-element_type=\"widget\" data-e-type=\"widget\" data-widget_type=\"text-editor.default\">\n\t\t\t\t<div class=\"elementor-widget-container\">\n\t\t\t\t\t\t\t\t\t<h4 class=\"pp-info-box-title\">Ll\u00e1mame para cualquier pregunta\u00a0<\/h4>\t\t\t\t\t\t\t\t<\/div>\n\t\t\t\t<\/div>\n\t\t\t\t\t<\/div>\n\t\t<\/div>\n\t\t\t\t<div class=\"elementor-column elementor-col-33 elementor-inner-column elementor-element elementor-element-796ec10\" data-id=\"796ec10\" data-element_type=\"column\" data-e-type=\"column\">\n\t\t\t<div class=\"elementor-widget-wrap elementor-element-populated\">\n\t\t\t\t\t\t<div class=\"elementor-element elementor-element-8b87565 elementor-view-default elementor-widget elementor-widget-icon\" data-id=\"8b87565\" data-element_type=\"widget\" data-e-type=\"widget\" data-widget_type=\"icon.default\">\n\t\t\t\t<div class=\"elementor-widget-container\">\n\t\t\t\t\t\t\t<div class=\"elementor-icon-wrapper\">\n\t\t\t<div class=\"elementor-icon\">\n\t\t\t<i aria-hidden=\"true\" class=\"icon icon-phone-call\"><\/i>\t\t\t<\/div>\n\t\t<\/div>\n\t\t\t\t\t\t<\/div>\n\t\t\t\t<\/div>\n\t\t\t\t<div class=\"elementor-element elementor-element-312e938 elementor-widget elementor-widget-text-editor\" data-id=\"312e938\" data-element_type=\"widget\" data-e-type=\"widget\" data-widget_type=\"text-editor.default\">\n\t\t\t\t<div class=\"elementor-widget-container\">\n\t\t\t\t\t\t\t\t\t<p>946 254 192<\/p>\t\t\t\t\t\t\t\t<\/div>\n\t\t\t\t<\/div>\n\t\t\t\t\t<\/div>\n\t\t<\/div>\n\t\t\t\t\t<\/div>\n\t\t<\/section>\n\t\t\t\t\t<\/div>\n\t\t<\/div>\n\t\t\t\t\t<\/div>\n\t\t<\/section>\n\t\t\t\t<\/div>","protected":false},"excerpt":{"rendered":"<p>Derecho Bancario Las entidades financieras, en muchas ocasiones, se aprovechan de la necesidad de los consumidores y usuarios de lograr una financiaci\u00f3n econ\u00f3mica para la adquisici\u00f3n de la vivienda habitual o incluso de otro tipo de inmuebles. Por ello, al ofrecer ese tipo de productos financieros, cobran a los clientes ciertos gastos o facturas que [&hellip;]<\/p>\n","protected":false},"author":1,"featured_media":0,"parent":0,"menu_order":0,"comment_status":"closed","ping_status":"closed","template":"elementor_canvas","meta":{"footnotes":""},"class_list":["post-349","page","type-page","status-publish","hentry"],"yoast_head":"<!-- This site is optimized with the Yoast SEO plugin v27.5 - https:\/\/yoast.com\/product\/yoast-seo-wordpress\/ -->\n<title>Derecho Bancario - Julen Altube<\/title>\n<meta name=\"robots\" content=\"index, follow, max-snippet:-1, max-image-preview:large, max-video-preview:-1\" \/>\n<link rel=\"canonical\" href=\"https:\/\/julenaltube.com\/pt\/derecho-bancario\/\" \/>\n<meta property=\"og:locale\" content=\"pt_PT\" \/>\n<meta property=\"og:type\" content=\"article\" \/>\n<meta property=\"og:title\" content=\"Derecho Bancario - Julen Altube\" \/>\n<meta property=\"og:description\" content=\"Derecho Bancario Las entidades financieras, en muchas ocasiones, se aprovechan de la necesidad de los consumidores y usuarios de lograr una financiaci\u00f3n econ\u00f3mica para la adquisici\u00f3n de la vivienda habitual o incluso de otro tipo de inmuebles. Por ello, al ofrecer ese tipo de productos financieros, cobran a los clientes ciertos gastos o facturas que [&hellip;]\" \/>\n<meta property=\"og:url\" content=\"https:\/\/julenaltube.com\/pt\/derecho-bancario\/\" \/>\n<meta property=\"og:site_name\" content=\"Julen Altube\" \/>\n<meta property=\"article:modified_time\" content=\"2023-06-23T11:14:31+00:00\" \/>\n<meta property=\"og:image\" content=\"https:\/\/julenaltube.com\/wp-content\/uploads\/2023\/06\/close-up-em-moedas-economizadas-para-despesas-de-crise-de-energia-1024x684.jpg\" \/>\n<meta name=\"twitter:card\" content=\"summary_large_image\" \/>\n<meta name=\"twitter:label1\" content=\"Tempo estimado de leitura\" \/>\n\t<meta name=\"twitter:data1\" content=\"2 minutos\" \/>\n<script type=\"application\/ld+json\" class=\"yoast-schema-graph\">{\"@context\":\"https:\\\/\\\/schema.org\",\"@graph\":[{\"@type\":\"WebPage\",\"@id\":\"https:\\\/\\\/julenaltube.com\\\/derecho-bancario\\\/\",\"url\":\"https:\\\/\\\/julenaltube.com\\\/derecho-bancario\\\/\",\"name\":\"Derecho Bancario - Julen Altube\",\"isPartOf\":{\"@id\":\"https:\\\/\\\/julenaltube.com\\\/#website\"},\"primaryImageOfPage\":{\"@id\":\"https:\\\/\\\/julenaltube.com\\\/derecho-bancario\\\/#primaryimage\"},\"image\":{\"@id\":\"https:\\\/\\\/julenaltube.com\\\/derecho-bancario\\\/#primaryimage\"},\"thumbnailUrl\":\"https:\\\/\\\/julenaltube.com\\\/wp-content\\\/uploads\\\/2023\\\/06\\\/close-up-em-moedas-economizadas-para-despesas-de-crise-de-energia-1024x684.jpg\",\"datePublished\":\"2023-06-01T10:45:59+00:00\",\"dateModified\":\"2023-06-23T11:14:31+00:00\",\"breadcrumb\":{\"@id\":\"https:\\\/\\\/julenaltube.com\\\/derecho-bancario\\\/#breadcrumb\"},\"inLanguage\":\"pt-PT\",\"potentialAction\":[{\"@type\":\"ReadAction\",\"target\":[\"https:\\\/\\\/julenaltube.com\\\/derecho-bancario\\\/\"]}]},{\"@type\":\"ImageObject\",\"inLanguage\":\"pt-PT\",\"@id\":\"https:\\\/\\\/julenaltube.com\\\/derecho-bancario\\\/#primaryimage\",\"url\":\"https:\\\/\\\/julenaltube.com\\\/wp-content\\\/uploads\\\/2023\\\/06\\\/close-up-em-moedas-economizadas-para-despesas-de-crise-de-energia-1024x684.jpg\",\"contentUrl\":\"https:\\\/\\\/julenaltube.com\\\/wp-content\\\/uploads\\\/2023\\\/06\\\/close-up-em-moedas-economizadas-para-despesas-de-crise-de-energia-1024x684.jpg\"},{\"@type\":\"BreadcrumbList\",\"@id\":\"https:\\\/\\\/julenaltube.com\\\/derecho-bancario\\\/#breadcrumb\",\"itemListElement\":[{\"@type\":\"ListItem\",\"position\":1,\"name\":\"Portada\",\"item\":\"https:\\\/\\\/julenaltube.com\\\/\"},{\"@type\":\"ListItem\",\"position\":2,\"name\":\"Derecho Bancario\"}]},{\"@type\":\"WebSite\",\"@id\":\"https:\\\/\\\/julenaltube.com\\\/#website\",\"url\":\"https:\\\/\\\/julenaltube.com\\\/\",\"name\":\"Julen Altube\",\"description\":\"Un equipo de abogados expertos siempre a tu disposici\u00f3n\",\"publisher\":{\"@id\":\"https:\\\/\\\/julenaltube.com\\\/#organization\"},\"potentialAction\":[{\"@type\":\"SearchAction\",\"target\":{\"@type\":\"EntryPoint\",\"urlTemplate\":\"https:\\\/\\\/julenaltube.com\\\/?s={search_term_string}\"},\"query-input\":{\"@type\":\"PropertyValueSpecification\",\"valueRequired\":true,\"valueName\":\"search_term_string\"}}],\"inLanguage\":\"pt-PT\"},{\"@type\":\"Organization\",\"@id\":\"https:\\\/\\\/julenaltube.com\\\/#organization\",\"name\":\"Julen Altube\",\"url\":\"https:\\\/\\\/julenaltube.com\\\/\",\"logo\":{\"@type\":\"ImageObject\",\"inLanguage\":\"pt-PT\",\"@id\":\"https:\\\/\\\/julenaltube.com\\\/#\\\/schema\\\/logo\\\/image\\\/\",\"url\":\"https:\\\/\\\/julenaltube.com\\\/wp-content\\\/uploads\\\/2023\\\/06\\\/cropped-400PngdpiLogoCropped.png\",\"contentUrl\":\"https:\\\/\\\/julenaltube.com\\\/wp-content\\\/uploads\\\/2023\\\/06\\\/cropped-400PngdpiLogoCropped.png\",\"width\":1660,\"height\":921,\"caption\":\"Julen Altube\"},\"image\":{\"@id\":\"https:\\\/\\\/julenaltube.com\\\/#\\\/schema\\\/logo\\\/image\\\/\"}}]}<\/script>\n<!-- \/ Yoast SEO plugin. -->","yoast_head_json":{"title":"Derecho Bancario - Julen Altube","robots":{"index":"index","follow":"follow","max-snippet":"max-snippet:-1","max-image-preview":"max-image-preview:large","max-video-preview":"max-video-preview:-1"},"canonical":"https:\/\/julenaltube.com\/pt\/derecho-bancario\/","og_locale":"pt_PT","og_type":"article","og_title":"Derecho Bancario - Julen Altube","og_description":"Derecho Bancario Las entidades financieras, en muchas ocasiones, se aprovechan de la necesidad de los consumidores y usuarios de lograr una financiaci\u00f3n econ\u00f3mica para la adquisici\u00f3n de la vivienda habitual o incluso de otro tipo de inmuebles. Por ello, al ofrecer ese tipo de productos financieros, cobran a los clientes ciertos gastos o facturas que [&hellip;]","og_url":"https:\/\/julenaltube.com\/pt\/derecho-bancario\/","og_site_name":"Julen Altube","article_modified_time":"2023-06-23T11:14:31+00:00","og_image":[{"url":"https:\/\/julenaltube.com\/wp-content\/uploads\/2023\/06\/close-up-em-moedas-economizadas-para-despesas-de-crise-de-energia-1024x684.jpg","type":"","width":"","height":""}],"twitter_card":"summary_large_image","twitter_misc":{"Tempo estimado de leitura":"2 minutos"},"schema":{"@context":"https:\/\/schema.org","@graph":[{"@type":"WebPage","@id":"https:\/\/julenaltube.com\/derecho-bancario\/","url":"https:\/\/julenaltube.com\/derecho-bancario\/","name":"Derecho Bancario - Julen Altube","isPartOf":{"@id":"https:\/\/julenaltube.com\/#website"},"primaryImageOfPage":{"@id":"https:\/\/julenaltube.com\/derecho-bancario\/#primaryimage"},"image":{"@id":"https:\/\/julenaltube.com\/derecho-bancario\/#primaryimage"},"thumbnailUrl":"https:\/\/julenaltube.com\/wp-content\/uploads\/2023\/06\/close-up-em-moedas-economizadas-para-despesas-de-crise-de-energia-1024x684.jpg","datePublished":"2023-06-01T10:45:59+00:00","dateModified":"2023-06-23T11:14:31+00:00","breadcrumb":{"@id":"https:\/\/julenaltube.com\/derecho-bancario\/#breadcrumb"},"inLanguage":"pt-PT","potentialAction":[{"@type":"ReadAction","target":["https:\/\/julenaltube.com\/derecho-bancario\/"]}]},{"@type":"ImageObject","inLanguage":"pt-PT","@id":"https:\/\/julenaltube.com\/derecho-bancario\/#primaryimage","url":"https:\/\/julenaltube.com\/wp-content\/uploads\/2023\/06\/close-up-em-moedas-economizadas-para-despesas-de-crise-de-energia-1024x684.jpg","contentUrl":"https:\/\/julenaltube.com\/wp-content\/uploads\/2023\/06\/close-up-em-moedas-economizadas-para-despesas-de-crise-de-energia-1024x684.jpg"},{"@type":"BreadcrumbList","@id":"https:\/\/julenaltube.com\/derecho-bancario\/#breadcrumb","itemListElement":[{"@type":"ListItem","position":1,"name":"Portada","item":"https:\/\/julenaltube.com\/"},{"@type":"ListItem","position":2,"name":"Derecho Bancario"}]},{"@type":"WebSite","@id":"https:\/\/julenaltube.com\/#website","url":"https:\/\/julenaltube.com\/","name":"Julen Altube","description":"Un equipo de abogados expertos siempre a tu disposici\u00f3n","publisher":{"@id":"https:\/\/julenaltube.com\/#organization"},"potentialAction":[{"@type":"SearchAction","target":{"@type":"EntryPoint","urlTemplate":"https:\/\/julenaltube.com\/?s={search_term_string}"},"query-input":{"@type":"PropertyValueSpecification","valueRequired":true,"valueName":"search_term_string"}}],"inLanguage":"pt-PT"},{"@type":"Organization","@id":"https:\/\/julenaltube.com\/#organization","name":"Julen Altube","url":"https:\/\/julenaltube.com\/","logo":{"@type":"ImageObject","inLanguage":"pt-PT","@id":"https:\/\/julenaltube.com\/#\/schema\/logo\/image\/","url":"https:\/\/julenaltube.com\/wp-content\/uploads\/2023\/06\/cropped-400PngdpiLogoCropped.png","contentUrl":"https:\/\/julenaltube.com\/wp-content\/uploads\/2023\/06\/cropped-400PngdpiLogoCropped.png","width":1660,"height":921,"caption":"Julen Altube"},"image":{"@id":"https:\/\/julenaltube.com\/#\/schema\/logo\/image\/"}}]}},"_links":{"self":[{"href":"https:\/\/julenaltube.com\/pt\/wp-json\/wp\/v2\/pages\/349","targetHints":{"allow":["GET"]}}],"collection":[{"href":"https:\/\/julenaltube.com\/pt\/wp-json\/wp\/v2\/pages"}],"about":[{"href":"https:\/\/julenaltube.com\/pt\/wp-json\/wp\/v2\/types\/page"}],"author":[{"embeddable":true,"href":"https:\/\/julenaltube.com\/pt\/wp-json\/wp\/v2\/users\/1"}],"replies":[{"embeddable":true,"href":"https:\/\/julenaltube.com\/pt\/wp-json\/wp\/v2\/comments?post=349"}],"version-history":[{"count":64,"href":"https:\/\/julenaltube.com\/pt\/wp-json\/wp\/v2\/pages\/349\/revisions"}],"predecessor-version":[{"id":1303,"href":"https:\/\/julenaltube.com\/pt\/wp-json\/wp\/v2\/pages\/349\/revisions\/1303"}],"wp:attachment":[{"href":"https:\/\/julenaltube.com\/pt\/wp-json\/wp\/v2\/media?parent=349"}],"curies":[{"name":"wp","href":"https:\/\/api.w.org\/{rel}","templated":true}]}}