{"id":19,"date":"2023-06-01T07:43:09","date_gmt":"2023-06-01T07:43:09","guid":{"rendered":"https:\/\/web.rkinformatika.net\/julenaltube\/?page_id=19"},"modified":"2023-06-28T12:50:13","modified_gmt":"2023-06-28T12:50:13","slug":"servicios","status":"publish","type":"page","link":"https:\/\/julenaltube.com\/pt\/servicios\/","title":{"rendered":"Servi\u00e7os"},"content":{"rendered":"<div data-elementor-type=\"wp-page\" data-elementor-id=\"19\" class=\"elementor elementor-19\" data-elementor-post-type=\"page\">\n\t\t\t\t\t\t<section class=\"elementor-section elementor-top-section elementor-element elementor-element-e9dc9f4 elementor-section-stretched elementor-section-boxed elementor-section-height-default elementor-section-height-default\" data-id=\"e9dc9f4\" data-element_type=\"section\" data-e-type=\"section\" data-settings=\"{&quot;stretch_section&quot;:&quot;section-stretched&quot;,&quot;background_background&quot;:&quot;classic&quot;}\">\n\t\t\t\t\t\t\t<div class=\"elementor-background-overlay\"><\/div>\n\t\t\t\t\t\t\t<div class=\"elementor-container elementor-column-gap-custom\">\n\t\t\t\t\t<div class=\"elementor-column elementor-col-100 elementor-top-column elementor-element elementor-element-9987d09\" data-id=\"9987d09\" data-element_type=\"column\" data-e-type=\"column\">\n\t\t\t<div class=\"elementor-widget-wrap elementor-element-populated\">\n\t\t\t\t\t\t<div class=\"elementor-element elementor-element-a9fcc7b elementor-invisible elementor-widget elementor-widget-heading\" data-id=\"a9fcc7b\" data-element_type=\"widget\" data-e-type=\"widget\" data-settings=\"{&quot;_animation&quot;:&quot;fadeIn&quot;}\" data-widget_type=\"heading.default\">\n\t\t\t\t<div class=\"elementor-widget-container\">\n\t\t\t\t\t<h2 class=\"elementor-heading-title elementor-size-default\">Eu me preocupo com seus problemas<br>\nte ofere\u00e7o solu\u00e7\u00f5es.<\/h2>\t\t\t\t<\/div>\n\t\t\t\t<\/div>\n\t\t\t\t\t<\/div>\n\t\t<\/div>\n\t\t\t\t\t<\/div>\n\t\t<\/section>\n\t\t\t\t<section class=\"elementor-section elementor-inner-section elementor-element elementor-element-6ec2ae5 elementor-section-content-bottom elementor-section-boxed elementor-section-height-default elementor-section-height-default\" data-id=\"6ec2ae5\" data-element_type=\"section\" data-e-type=\"section\">\n\t\t\t\t\t\t<div class=\"elementor-container elementor-column-gap-default\">\n\t\t\t\t\t<div class=\"elementor-column elementor-col-100 elementor-inner-column elementor-element elementor-element-3b907e5\" data-id=\"3b907e5\" data-element_type=\"column\" data-e-type=\"column\">\n\t\t\t<div class=\"elementor-widget-wrap elementor-element-populated\">\n\t\t\t\t\t\t<div class=\"elementor-element elementor-element-49882e3 elementor-widget elementor-widget-heading\" data-id=\"49882e3\" data-element_type=\"widget\" data-e-type=\"widget\" data-widget_type=\"heading.default\">\n\t\t\t\t<div class=\"elementor-widget-container\">\n\t\t\t\t\t<h3 class=\"elementor-heading-title elementor-size-default\">Meus<\/h3>\t\t\t\t<\/div>\n\t\t\t\t<\/div>\n\t\t\t\t<div class=\"elementor-element elementor-element-0ee1e0f elementor-widget elementor-widget-heading\" data-id=\"0ee1e0f\" data-element_type=\"widget\" data-e-type=\"widget\" data-widget_type=\"heading.default\">\n\t\t\t\t<div class=\"elementor-widget-container\">\n\t\t\t\t\t<h2 class=\"elementor-heading-title elementor-size-default\">SERVI\u00c7OS<\/h2>\t\t\t\t<\/div>\n\t\t\t\t<\/div>\n\t\t\t\t\t<\/div>\n\t\t<\/div>\n\t\t\t\t\t<\/div>\n\t\t<\/section>\n\t\t\t\t<section class=\"elementor-section elementor-inner-section elementor-element elementor-element-d0c1d1e elementor-section-boxed elementor-section-height-default elementor-section-height-default\" data-id=\"d0c1d1e\" data-element_type=\"section\" data-e-type=\"section\">\n\t\t\t\t\t\t<div class=\"elementor-container elementor-column-gap-wide\">\n\t\t\t\t\t<div class=\"elementor-column elementor-col-25 elementor-inner-column elementor-element elementor-element-9143fbf\" data-id=\"9143fbf\" data-element_type=\"column\" data-e-type=\"column\">\n\t\t\t<div class=\"elementor-widget-wrap elementor-element-populated\">\n\t\t\t\t\t\t<div class=\"elementor-element elementor-element-6701c64 elementor-position-top elementor-widget elementor-widget-image-box\" data-id=\"6701c64\" data-element_type=\"widget\" data-e-type=\"widget\" data-widget_type=\"image-box.default\">\n\t\t\t\t<div class=\"elementor-widget-container\">\n\t\t\t\t\t<div class=\"elementor-image-box-wrapper\"><figure class=\"elementor-image-box-img\"><img fetchpriority=\"high\" decoding=\"async\" width=\"300\" height=\"300\" src=\"https:\/\/julenaltube.com\/wp-content\/uploads\/2023\/06\/civil.png\" class=\"attachment-full size-full wp-image-1202\" alt=\"\" srcset=\"https:\/\/julenaltube.com\/wp-content\/uploads\/2023\/06\/civil.png 300w, https:\/\/julenaltube.com\/wp-content\/uploads\/2023\/06\/civil-150x150.png 150w, https:\/\/julenaltube.com\/wp-content\/uploads\/2023\/06\/civil-12x12.png 12w\" sizes=\"(max-width: 300px) 100vw, 300px\" \/><\/figure><div class=\"elementor-image-box-content\"><h3 class=\"elementor-image-box-title\">Direito Civil<\/h3><\/div><\/div>\t\t\t\t<\/div>\n\t\t\t\t<\/div>\n\t\t\t\t<div class=\"elementor-element elementor-element-5ee2cb5 elementor-align-center elementor-widget elementor-widget-button\" data-id=\"5ee2cb5\" data-element_type=\"widget\" data-e-type=\"widget\" data-widget_type=\"button.default\">\n\t\t\t\t<div class=\"elementor-widget-container\">\n\t\t\t\t\t\t\t\t\t<div class=\"elementor-button-wrapper\">\n\t\t\t\t\t<a class=\"elementor-button elementor-button-link elementor-size-sm\" href=\"https:\/\/julenaltube.com\/index.php\/derecho-civil\/\">\n\t\t\t\t\t\t<span class=\"elementor-button-content-wrapper\">\n\t\t\t\t\t\t\t\t\t<span class=\"elementor-button-text\">+ INFORMA\u00c7\u00c3O<\/span>\n\t\t\t\t\t<\/span>\n\t\t\t\t\t<\/a>\n\t\t\t\t<\/div>\n\t\t\t\t\t\t\t\t<\/div>\n\t\t\t\t<\/div>\n\t\t\t\t\t<\/div>\n\t\t<\/div>\n\t\t\t\t<div class=\"elementor-column elementor-col-25 elementor-inner-column elementor-element elementor-element-8987376\" data-id=\"8987376\" data-element_type=\"column\" data-e-type=\"column\">\n\t\t\t<div class=\"elementor-widget-wrap elementor-element-populated\">\n\t\t\t\t\t\t<div class=\"elementor-element elementor-element-f08d724 elementor-position-top elementor-widget elementor-widget-image-box\" data-id=\"f08d724\" data-element_type=\"widget\" data-e-type=\"widget\" data-widget_type=\"image-box.default\">\n\t\t\t\t<div class=\"elementor-widget-container\">\n\t\t\t\t\t<div class=\"elementor-image-box-wrapper\"><figure class=\"elementor-image-box-img\"><img decoding=\"async\" width=\"300\" height=\"300\" src=\"https:\/\/julenaltube.com\/wp-content\/uploads\/2023\/06\/bancario.png\" class=\"attachment-full size-full wp-image-1201\" alt=\"\" srcset=\"https:\/\/julenaltube.com\/wp-content\/uploads\/2023\/06\/bancario.png 300w, https:\/\/julenaltube.com\/wp-content\/uploads\/2023\/06\/bancario-150x150.png 150w, https:\/\/julenaltube.com\/wp-content\/uploads\/2023\/06\/bancario-12x12.png 12w\" sizes=\"(max-width: 300px) 100vw, 300px\" \/><\/figure><div class=\"elementor-image-box-content\"><h3 class=\"elementor-image-box-title\">Direito Bancario<\/h3><\/div><\/div>\t\t\t\t<\/div>\n\t\t\t\t<\/div>\n\t\t\t\t<div class=\"elementor-element elementor-element-ec10712 elementor-align-center elementor-widget elementor-widget-button\" data-id=\"ec10712\" data-element_type=\"widget\" data-e-type=\"widget\" data-widget_type=\"button.default\">\n\t\t\t\t<div class=\"elementor-widget-container\">\n\t\t\t\t\t\t\t\t\t<div class=\"elementor-button-wrapper\">\n\t\t\t\t\t<a class=\"elementor-button elementor-button-link elementor-size-sm\" href=\"https:\/\/julenaltube.com\/index.php\/derecho-bancario\/\">\n\t\t\t\t\t\t<span class=\"elementor-button-content-wrapper\">\n\t\t\t\t\t\t\t\t\t<span class=\"elementor-button-text\">+ INFORMA\u00c7\u00c3O<\/span>\n\t\t\t\t\t<\/span>\n\t\t\t\t\t<\/a>\n\t\t\t\t<\/div>\n\t\t\t\t\t\t\t\t<\/div>\n\t\t\t\t<\/div>\n\t\t\t\t\t<\/div>\n\t\t<\/div>\n\t\t\t\t<div class=\"elementor-column elementor-col-25 elementor-inner-column elementor-element elementor-element-23846a7\" data-id=\"23846a7\" data-element_type=\"column\" data-e-type=\"column\">\n\t\t\t<div class=\"elementor-widget-wrap elementor-element-populated\">\n\t\t\t\t\t\t<div class=\"elementor-element elementor-element-1119bbb elementor-position-top elementor-widget elementor-widget-image-box\" data-id=\"1119bbb\" data-element_type=\"widget\" data-e-type=\"widget\" data-widget_type=\"image-box.default\">\n\t\t\t\t<div class=\"elementor-widget-container\">\n\t\t\t\t\t<div class=\"elementor-image-box-wrapper\"><figure class=\"elementor-image-box-img\"><img decoding=\"async\" width=\"300\" height=\"300\" src=\"https:\/\/julenaltube.com\/wp-content\/uploads\/2023\/06\/penal.png\" class=\"attachment-full size-full wp-image-1203\" alt=\"\" srcset=\"https:\/\/julenaltube.com\/wp-content\/uploads\/2023\/06\/penal.png 300w, https:\/\/julenaltube.com\/wp-content\/uploads\/2023\/06\/penal-150x150.png 150w, https:\/\/julenaltube.com\/wp-content\/uploads\/2023\/06\/penal-12x12.png 12w\" sizes=\"(max-width: 300px) 100vw, 300px\" \/><\/figure><div class=\"elementor-image-box-content\"><h3 class=\"elementor-image-box-title\">Direito Penal<\/h3><\/div><\/div>\t\t\t\t<\/div>\n\t\t\t\t<\/div>\n\t\t\t\t<div class=\"elementor-element elementor-element-de2f7dd elementor-align-center elementor-widget elementor-widget-button\" data-id=\"de2f7dd\" data-element_type=\"widget\" data-e-type=\"widget\" data-widget_type=\"button.default\">\n\t\t\t\t<div class=\"elementor-widget-container\">\n\t\t\t\t\t\t\t\t\t<div class=\"elementor-button-wrapper\">\n\t\t\t\t\t<a class=\"elementor-button elementor-button-link elementor-size-sm\" href=\"https:\/\/julenaltube.com\/index.php\/derecho-penal\/\">\n\t\t\t\t\t\t<span class=\"elementor-button-content-wrapper\">\n\t\t\t\t\t\t\t\t\t<span class=\"elementor-button-text\">+ INFORMA\u00c7\u00c3O<\/span>\n\t\t\t\t\t<\/span>\n\t\t\t\t\t<\/a>\n\t\t\t\t<\/div>\n\t\t\t\t\t\t\t\t<\/div>\n\t\t\t\t<\/div>\n\t\t\t\t\t<\/div>\n\t\t<\/div>\n\t\t\t\t<div class=\"elementor-column elementor-col-25 elementor-inner-column elementor-element elementor-element-dfdfce2\" data-id=\"dfdfce2\" data-element_type=\"column\" data-e-type=\"column\">\n\t\t\t<div class=\"elementor-widget-wrap elementor-element-populated\">\n\t\t\t\t\t\t<div class=\"elementor-element elementor-element-c7965d8 elementor-position-top elementor-widget elementor-widget-image-box\" data-id=\"c7965d8\" data-element_type=\"widget\" data-e-type=\"widget\" data-widget_type=\"image-box.default\">\n\t\t\t\t<div class=\"elementor-widget-container\">\n\t\t\t\t\t<div class=\"elementor-image-box-wrapper\"><figure class=\"elementor-image-box-img\"><img loading=\"lazy\" decoding=\"async\" width=\"300\" height=\"300\" src=\"https:\/\/julenaltube.com\/wp-content\/uploads\/2023\/06\/adm.png\" class=\"attachment-full size-full wp-image-1200\" alt=\"\" srcset=\"https:\/\/julenaltube.com\/wp-content\/uploads\/2023\/06\/adm.png 300w, https:\/\/julenaltube.com\/wp-content\/uploads\/2023\/06\/adm-150x150.png 150w, https:\/\/julenaltube.com\/wp-content\/uploads\/2023\/06\/adm-12x12.png 12w\" sizes=\"(max-width: 300px) 100vw, 300px\" \/><\/figure><div class=\"elementor-image-box-content\"><h3 class=\"elementor-image-box-title\">Direito Administrativo<\/h3><\/div><\/div>\t\t\t\t<\/div>\n\t\t\t\t<\/div>\n\t\t\t\t<div class=\"elementor-element elementor-element-b3677b5 elementor-align-center elementor-widget elementor-widget-button\" data-id=\"b3677b5\" data-element_type=\"widget\" data-e-type=\"widget\" data-widget_type=\"button.default\">\n\t\t\t\t<div class=\"elementor-widget-container\">\n\t\t\t\t\t\t\t\t\t<div class=\"elementor-button-wrapper\">\n\t\t\t\t\t<a class=\"elementor-button elementor-button-link elementor-size-sm\" href=\"https:\/\/julenaltube.com\/index.php\/derecho-administrativo\/\">\n\t\t\t\t\t\t<span class=\"elementor-button-content-wrapper\">\n\t\t\t\t\t\t\t\t\t<span class=\"elementor-button-text\">+ INFORMA\u00c7\u00c3O<\/span>\n\t\t\t\t\t<\/span>\n\t\t\t\t\t<\/a>\n\t\t\t\t<\/div>\n\t\t\t\t\t\t\t\t<\/div>\n\t\t\t\t<\/div>\n\t\t\t\t\t<\/div>\n\t\t<\/div>\n\t\t\t\t\t<\/div>\n\t\t<\/section>\n\t\t\t\t<section class=\"elementor-section elementor-top-section elementor-element elementor-element-76affc6 elementor-section-boxed elementor-section-height-default elementor-section-height-default\" data-id=\"76affc6\" data-element_type=\"section\" data-e-type=\"section\" data-settings=\"{&quot;background_background&quot;:&quot;classic&quot;}\">\n\t\t\t\t\t\t\t<div class=\"elementor-background-overlay\"><\/div>\n\t\t\t\t\t\t\t<div class=\"elementor-container elementor-column-gap-no\">\n\t\t\t\t\t<div class=\"elementor-column elementor-col-100 elementor-top-column elementor-element elementor-element-1d3b95c\" data-id=\"1d3b95c\" data-element_type=\"column\" data-e-type=\"column\">\n\t\t\t<div class=\"elementor-widget-wrap elementor-element-populated\">\n\t\t\t\t\t\t<section class=\"elementor-section elementor-inner-section elementor-element elementor-element-1220f6f elementor-section-boxed elementor-section-height-default elementor-section-height-default\" data-id=\"1220f6f\" data-element_type=\"section\" data-e-type=\"section\">\n\t\t\t\t\t\t<div class=\"elementor-container elementor-column-gap-default\">\n\t\t\t\t\t<div class=\"elementor-column elementor-col-33 elementor-inner-column elementor-element elementor-element-9eec9f2\" data-id=\"9eec9f2\" data-element_type=\"column\" data-e-type=\"column\">\n\t\t\t<div class=\"elementor-widget-wrap elementor-element-populated\">\n\t\t\t\t\t\t<div class=\"elementor-element elementor-element-1529c93 elementor-widget elementor-widget-heading\" data-id=\"1529c93\" data-element_type=\"widget\" data-e-type=\"widget\" data-widget_type=\"heading.default\">\n\t\t\t\t<div class=\"elementor-widget-container\">\n\t\t\t\t\t<h3 class=\"elementor-heading-title elementor-size-default\">Atendimento ao cliente\n<\/h3>\t\t\t\t<\/div>\n\t\t\t\t<\/div>\n\t\t\t\t<div class=\"elementor-element elementor-element-87e4ca1 elementor-widget elementor-widget-heading\" data-id=\"87e4ca1\" data-element_type=\"widget\" data-e-type=\"widget\" data-widget_type=\"heading.default\">\n\t\t\t\t<div class=\"elementor-widget-container\">\n\t\t\t\t\t<h2 class=\"elementor-heading-title elementor-size-default\">Tratamento personalizado para cada um de nossos clientes.<\/h2>\t\t\t\t<\/div>\n\t\t\t\t<\/div>\n\t\t\t\t\t<\/div>\n\t\t<\/div>\n\t\t\t\t<div class=\"elementor-column elementor-col-33 elementor-inner-column elementor-element elementor-element-390ef75\" data-id=\"390ef75\" data-element_type=\"column\" data-e-type=\"column\">\n\t\t\t<div class=\"elementor-widget-wrap elementor-element-populated\">\n\t\t\t\t\t\t<div class=\"elementor-element elementor-element-2d7f552 elementor-widget elementor-widget-text-editor\" data-id=\"2d7f552\" data-element_type=\"widget\" data-e-type=\"widget\" data-widget_type=\"text-editor.default\">\n\t\t\t\t<div class=\"elementor-widget-container\">\n\t\t\t\t\t\t\t\t\t<h4 class=\"pp-info-box-title\">Ll\u00e1mame para cualquier pregunta\u00a0<\/h4>\t\t\t\t\t\t\t\t<\/div>\n\t\t\t\t<\/div>\n\t\t\t\t\t<\/div>\n\t\t<\/div>\n\t\t\t\t<div class=\"elementor-column elementor-col-33 elementor-inner-column elementor-element elementor-element-172bd80\" data-id=\"172bd80\" data-element_type=\"column\" data-e-type=\"column\">\n\t\t\t<div class=\"elementor-widget-wrap elementor-element-populated\">\n\t\t\t\t\t\t<div class=\"elementor-element elementor-element-d5b92fd elementor-view-default elementor-widget elementor-widget-icon\" data-id=\"d5b92fd\" data-element_type=\"widget\" data-e-type=\"widget\" data-widget_type=\"icon.default\">\n\t\t\t\t<div class=\"elementor-widget-container\">\n\t\t\t\t\t\t\t<div class=\"elementor-icon-wrapper\">\n\t\t\t<div class=\"elementor-icon\">\n\t\t\t<i aria-hidden=\"true\" class=\"icon icon-phone-call\"><\/i>\t\t\t<\/div>\n\t\t<\/div>\n\t\t\t\t\t\t<\/div>\n\t\t\t\t<\/div>\n\t\t\t\t<div class=\"elementor-element elementor-element-0eb0159 elementor-widget elementor-widget-text-editor\" data-id=\"0eb0159\" data-element_type=\"widget\" data-e-type=\"widget\" data-widget_type=\"text-editor.default\">\n\t\t\t\t<div class=\"elementor-widget-container\">\n\t\t\t\t\t\t\t\t\t<p>946 254 192<\/p>\t\t\t\t\t\t\t\t<\/div>\n\t\t\t\t<\/div>\n\t\t\t\t\t<\/div>\n\t\t<\/div>\n\t\t\t\t\t<\/div>\n\t\t<\/section>\n\t\t\t\t\t<\/div>\n\t\t<\/div>\n\t\t\t\t\t<\/div>\n\t\t<\/section>\n\t\t\t\t<\/div>","protected":false},"excerpt":{"rendered":"<p>Me preocupan tus problemas, te ofrezco soluciones. MIS SERVICIOS Derecho Civil + Informaci\u00f3n Derecho Bancario + Informaci\u00f3n Derecho Penal + Informaci\u00f3n Derecho Administrativo + Informaci\u00f3n Atenci\u00f3n al cliente Trato personalizado para cada uno de nuestros clientes. Ll\u00e1mame para cualquier pregunta\u00a0 946 254 192<\/p>","protected":false},"author":1,"featured_media":0,"parent":0,"menu_order":0,"comment_status":"closed","ping_status":"closed","template":"elementor_canvas","meta":{"footnotes":""},"class_list":["post-19","page","type-page","status-publish","hentry"],"yoast_head":"<!-- This site is optimized with the Yoast SEO plugin v27.3 - https:\/\/yoast.com\/product\/yoast-seo-wordpress\/ -->\n<title>Servicios - Julen Altube<\/title>\n<meta name=\"robots\" content=\"index, follow, max-snippet:-1, max-image-preview:large, max-video-preview:-1\" \/>\n<link rel=\"canonical\" href=\"https:\/\/julenaltube.com\/pt\/servicios\/\" \/>\n<meta property=\"og:locale\" content=\"pt_PT\" \/>\n<meta property=\"og:type\" content=\"article\" \/>\n<meta property=\"og:title\" content=\"Servicios - Julen Altube\" \/>\n<meta property=\"og:description\" content=\"Me preocupan tus problemas, te ofrezco soluciones. MIS SERVICIOS Derecho Civil + Informaci\u00f3n Derecho Bancario + Informaci\u00f3n Derecho Penal + Informaci\u00f3n Derecho Administrativo + Informaci\u00f3n Atenci\u00f3n al cliente Trato personalizado para cada uno de nuestros clientes. Ll\u00e1mame para cualquier pregunta\u00a0 946 254 192\" \/>\n<meta property=\"og:url\" content=\"https:\/\/julenaltube.com\/pt\/servicios\/\" \/>\n<meta property=\"og:site_name\" content=\"Julen Altube\" \/>\n<meta property=\"article:modified_time\" content=\"2023-06-28T12:50:13+00:00\" \/>\n<meta property=\"og:image\" content=\"https:\/\/julenaltube.com\/wp-content\/uploads\/2023\/06\/civil.png\" \/>\n<meta name=\"twitter:card\" content=\"summary_large_image\" \/>\n<meta name=\"twitter:label1\" content=\"Tempo estimado de leitura\" \/>\n\t<meta name=\"twitter:data1\" content=\"1 minuto\" \/>\n<script type=\"application\/ld+json\" class=\"yoast-schema-graph\">{\"@context\":\"https:\\\/\\\/schema.org\",\"@graph\":[{\"@type\":\"WebPage\",\"@id\":\"https:\\\/\\\/julenaltube.com\\\/servicios\\\/\",\"url\":\"https:\\\/\\\/julenaltube.com\\\/servicios\\\/\",\"name\":\"Servicios - Julen Altube\",\"isPartOf\":{\"@id\":\"https:\\\/\\\/julenaltube.com\\\/#website\"},\"primaryImageOfPage\":{\"@id\":\"https:\\\/\\\/julenaltube.com\\\/servicios\\\/#primaryimage\"},\"image\":{\"@id\":\"https:\\\/\\\/julenaltube.com\\\/servicios\\\/#primaryimage\"},\"thumbnailUrl\":\"https:\\\/\\\/julenaltube.com\\\/wp-content\\\/uploads\\\/2023\\\/06\\\/civil.png\",\"datePublished\":\"2023-06-01T07:43:09+00:00\",\"dateModified\":\"2023-06-28T12:50:13+00:00\",\"breadcrumb\":{\"@id\":\"https:\\\/\\\/julenaltube.com\\\/servicios\\\/#breadcrumb\"},\"inLanguage\":\"pt-PT\",\"potentialAction\":[{\"@type\":\"ReadAction\",\"target\":[\"https:\\\/\\\/julenaltube.com\\\/servicios\\\/\"]}]},{\"@type\":\"ImageObject\",\"inLanguage\":\"pt-PT\",\"@id\":\"https:\\\/\\\/julenaltube.com\\\/servicios\\\/#primaryimage\",\"url\":\"https:\\\/\\\/julenaltube.com\\\/wp-content\\\/uploads\\\/2023\\\/06\\\/civil.png\",\"contentUrl\":\"https:\\\/\\\/julenaltube.com\\\/wp-content\\\/uploads\\\/2023\\\/06\\\/civil.png\"},{\"@type\":\"BreadcrumbList\",\"@id\":\"https:\\\/\\\/julenaltube.com\\\/servicios\\\/#breadcrumb\",\"itemListElement\":[{\"@type\":\"ListItem\",\"position\":1,\"name\":\"Portada\",\"item\":\"https:\\\/\\\/julenaltube.com\\\/\"},{\"@type\":\"ListItem\",\"position\":2,\"name\":\"Servicios\"}]},{\"@type\":\"WebSite\",\"@id\":\"https:\\\/\\\/julenaltube.com\\\/#website\",\"url\":\"https:\\\/\\\/julenaltube.com\\\/\",\"name\":\"Julen Altube\",\"description\":\"Un equipo de abogados expertos siempre a tu disposici\u00f3n\",\"publisher\":{\"@id\":\"https:\\\/\\\/julenaltube.com\\\/#organization\"},\"potentialAction\":[{\"@type\":\"SearchAction\",\"target\":{\"@type\":\"EntryPoint\",\"urlTemplate\":\"https:\\\/\\\/julenaltube.com\\\/?s={search_term_string}\"},\"query-input\":{\"@type\":\"PropertyValueSpecification\",\"valueRequired\":true,\"valueName\":\"search_term_string\"}}],\"inLanguage\":\"pt-PT\"},{\"@type\":\"Organization\",\"@id\":\"https:\\\/\\\/julenaltube.com\\\/#organization\",\"name\":\"Julen Altube\",\"url\":\"https:\\\/\\\/julenaltube.com\\\/\",\"logo\":{\"@type\":\"ImageObject\",\"inLanguage\":\"pt-PT\",\"@id\":\"https:\\\/\\\/julenaltube.com\\\/#\\\/schema\\\/logo\\\/image\\\/\",\"url\":\"https:\\\/\\\/julenaltube.com\\\/wp-content\\\/uploads\\\/2023\\\/06\\\/cropped-400PngdpiLogoCropped.png\",\"contentUrl\":\"https:\\\/\\\/julenaltube.com\\\/wp-content\\\/uploads\\\/2023\\\/06\\\/cropped-400PngdpiLogoCropped.png\",\"width\":1660,\"height\":921,\"caption\":\"Julen Altube\"},\"image\":{\"@id\":\"https:\\\/\\\/julenaltube.com\\\/#\\\/schema\\\/logo\\\/image\\\/\"}}]}<\/script>\n<!-- \/ Yoast SEO plugin. -->","yoast_head_json":{"title":"Servicios - Julen Altube","robots":{"index":"index","follow":"follow","max-snippet":"max-snippet:-1","max-image-preview":"max-image-preview:large","max-video-preview":"max-video-preview:-1"},"canonical":"https:\/\/julenaltube.com\/pt\/servicios\/","og_locale":"pt_PT","og_type":"article","og_title":"Servicios - Julen Altube","og_description":"Me preocupan tus problemas, te ofrezco soluciones. MIS SERVICIOS Derecho Civil + Informaci\u00f3n Derecho Bancario + Informaci\u00f3n Derecho Penal + Informaci\u00f3n Derecho Administrativo + Informaci\u00f3n Atenci\u00f3n al cliente Trato personalizado para cada uno de nuestros clientes. Ll\u00e1mame para cualquier pregunta\u00a0 946 254 192","og_url":"https:\/\/julenaltube.com\/pt\/servicios\/","og_site_name":"Julen Altube","article_modified_time":"2023-06-28T12:50:13+00:00","og_image":[{"url":"https:\/\/julenaltube.com\/wp-content\/uploads\/2023\/06\/civil.png","type":"","width":"","height":""}],"twitter_card":"summary_large_image","twitter_misc":{"Tempo estimado de leitura":"1 minuto"},"schema":{"@context":"https:\/\/schema.org","@graph":[{"@type":"WebPage","@id":"https:\/\/julenaltube.com\/servicios\/","url":"https:\/\/julenaltube.com\/servicios\/","name":"Servicios - Julen Altube","isPartOf":{"@id":"https:\/\/julenaltube.com\/#website"},"primaryImageOfPage":{"@id":"https:\/\/julenaltube.com\/servicios\/#primaryimage"},"image":{"@id":"https:\/\/julenaltube.com\/servicios\/#primaryimage"},"thumbnailUrl":"https:\/\/julenaltube.com\/wp-content\/uploads\/2023\/06\/civil.png","datePublished":"2023-06-01T07:43:09+00:00","dateModified":"2023-06-28T12:50:13+00:00","breadcrumb":{"@id":"https:\/\/julenaltube.com\/servicios\/#breadcrumb"},"inLanguage":"pt-PT","potentialAction":[{"@type":"ReadAction","target":["https:\/\/julenaltube.com\/servicios\/"]}]},{"@type":"ImageObject","inLanguage":"pt-PT","@id":"https:\/\/julenaltube.com\/servicios\/#primaryimage","url":"https:\/\/julenaltube.com\/wp-content\/uploads\/2023\/06\/civil.png","contentUrl":"https:\/\/julenaltube.com\/wp-content\/uploads\/2023\/06\/civil.png"},{"@type":"BreadcrumbList","@id":"https:\/\/julenaltube.com\/servicios\/#breadcrumb","itemListElement":[{"@type":"ListItem","position":1,"name":"Portada","item":"https:\/\/julenaltube.com\/"},{"@type":"ListItem","position":2,"name":"Servicios"}]},{"@type":"WebSite","@id":"https:\/\/julenaltube.com\/#website","url":"https:\/\/julenaltube.com\/","name":"Julen Altube","description":"Un equipo de abogados expertos siempre a tu disposici\u00f3n","publisher":{"@id":"https:\/\/julenaltube.com\/#organization"},"potentialAction":[{"@type":"SearchAction","target":{"@type":"EntryPoint","urlTemplate":"https:\/\/julenaltube.com\/?s={search_term_string}"},"query-input":{"@type":"PropertyValueSpecification","valueRequired":true,"valueName":"search_term_string"}}],"inLanguage":"pt-PT"},{"@type":"Organization","@id":"https:\/\/julenaltube.com\/#organization","name":"Julen Altube","url":"https:\/\/julenaltube.com\/","logo":{"@type":"ImageObject","inLanguage":"pt-PT","@id":"https:\/\/julenaltube.com\/#\/schema\/logo\/image\/","url":"https:\/\/julenaltube.com\/wp-content\/uploads\/2023\/06\/cropped-400PngdpiLogoCropped.png","contentUrl":"https:\/\/julenaltube.com\/wp-content\/uploads\/2023\/06\/cropped-400PngdpiLogoCropped.png","width":1660,"height":921,"caption":"Julen Altube"},"image":{"@id":"https:\/\/julenaltube.com\/#\/schema\/logo\/image\/"}}]}},"_links":{"self":[{"href":"https:\/\/julenaltube.com\/pt\/wp-json\/wp\/v2\/pages\/19","targetHints":{"allow":["GET"]}}],"collection":[{"href":"https:\/\/julenaltube.com\/pt\/wp-json\/wp\/v2\/pages"}],"about":[{"href":"https:\/\/julenaltube.com\/pt\/wp-json\/wp\/v2\/types\/page"}],"author":[{"embeddable":true,"href":"https:\/\/julenaltube.com\/pt\/wp-json\/wp\/v2\/users\/1"}],"replies":[{"embeddable":true,"href":"https:\/\/julenaltube.com\/pt\/wp-json\/wp\/v2\/comments?post=19"}],"version-history":[{"count":31,"href":"https:\/\/julenaltube.com\/pt\/wp-json\/wp\/v2\/pages\/19\/revisions"}],"predecessor-version":[{"id":1315,"href":"https:\/\/julenaltube.com\/pt\/wp-json\/wp\/v2\/pages\/19\/revisions\/1315"}],"wp:attachment":[{"href":"https:\/\/julenaltube.com\/pt\/wp-json\/wp\/v2\/media?parent=19"}],"curies":[{"name":"wp","href":"https:\/\/api.w.org\/{rel}","templated":true}]}}